{"id":1656,"date":"2024-04-18T21:04:56","date_gmt":"2024-04-18T21:04:56","guid":{"rendered":"https:\/\/curtisdejalisco.com\/?post_type=product&#038;p=1656"},"modified":"2025-12-22T23:57:12","modified_gmt":"2025-12-22T23:57:12","slug":"secador-milwaukee-30hp","status":"publish","type":"product","link":"https:\/\/curtisdejalisco.com\/index.php\/product\/secador-milwaukee-30hp\/","title":{"rendered":"SECADOR MILWAUKEE 30HP"},"content":{"rendered":"<p>MODELO: MILW-30SG<\/p>\n<ul>\n<li>Caudal de Entrega: 129 PCM<\/li>\n<li>Voltaje de Trabajo: 220 V 2F<\/li>\n<li>Presi\u00f3n de Trabajo: 135 PSI MAX<\/li>\n<li>Potencia: 30HP<\/li>\n<\/ul>\n","protected":false},"excerpt":{"rendered":"<p>Conf\u00eda en la calidad y fiabilidad de nuestros secadores refrigerativos para mantener tus equipos y herramientas en \u00f3ptimas condiciones y minimizar el riesgo de aver\u00edas costosas.<\/p>\n","protected":false},"featured_media":1657,"comment_status":"open","ping_status":"closed","template":"","meta":[],"product_brand":[],"product_cat":[32],"product_tag":[],"class_list":{"0":"post-1656","1":"product","2":"type-product","3":"status-publish","4":"has-post-thumbnail","6":"product_cat-secadores-de-aire-refrigerativos","8":"first","9":"instock","10":"taxable","11":"shipping-taxable","12":"purchasable","13":"product-type-simple"},"_links":{"self":[{"href":"https:\/\/curtisdejalisco.com\/index.php\/wp-json\/wp\/v2\/product\/1656","targetHints":{"allow":["GET"]}}],"collection":[{"href":"https:\/\/curtisdejalisco.com\/index.php\/wp-json\/wp\/v2\/product"}],"about":[{"href":"https:\/\/curtisdejalisco.com\/index.php\/wp-json\/wp\/v2\/types\/product"}],"replies":[{"embeddable":true,"href":"https:\/\/curtisdejalisco.com\/index.php\/wp-json\/wp\/v2\/comments?post=1656"}],"version-history":[{"count":1,"href":"https:\/\/curtisdejalisco.com\/index.php\/wp-json\/wp\/v2\/product\/1656\/revisions"}],"predecessor-version":[{"id":1658,"href":"https:\/\/curtisdejalisco.com\/index.php\/wp-json\/wp\/v2\/product\/1656\/revisions\/1658"}],"wp:featuredmedia":[{"embeddable":true,"href":"https:\/\/curtisdejalisco.com\/index.php\/wp-json\/wp\/v2\/media\/1657"}],"wp:attachment":[{"href":"https:\/\/curtisdejalisco.com\/index.php\/wp-json\/wp\/v2\/media?parent=1656"}],"wp:term":[{"taxonomy":"product_brand","embeddable":true,"href":"https:\/\/curtisdejalisco.com\/index.php\/wp-json\/wp\/v2\/product_brand?post=1656"},{"taxonomy":"product_cat","embeddable":true,"href":"https:\/\/curtisdejalisco.com\/index.php\/wp-json\/wp\/v2\/product_cat?post=1656"},{"taxonomy":"product_tag","embeddable":true,"href":"https:\/\/curtisdejalisco.com\/index.php\/wp-json\/wp\/v2\/product_tag?post=1656"}],"curies":[{"name":"wp","href":"https:\/\/api.w.org\/{rel}","templated":true}]}}