{"id":1647,"date":"2024-04-18T20:55:23","date_gmt":"2024-04-18T20:55:23","guid":{"rendered":"https:\/\/curtisdejalisco.com\/?post_type=product&#038;p=1647"},"modified":"2025-12-22T23:55:53","modified_gmt":"2025-12-22T23:55:53","slug":"secador-milwaukee-15hp","status":"publish","type":"product","link":"https:\/\/curtisdejalisco.com\/index.php\/product\/secador-milwaukee-15hp\/","title":{"rendered":"SECADOR MILWAUKEE 15HP"},"content":{"rendered":"<p>MODELO: MILW-15SG<\/p>\n<ul>\n<li>Caudal de Entrega: 64 PCM<\/li>\n<li>Voltaje de Trabajo: 220 V 2F<\/li>\n<li>Presi\u00f3n de Trabajo: 135 PSI MAX<\/li>\n<li>Potencia: 15HP<\/li>\n<\/ul>\n","protected":false},"excerpt":{"rendered":"<p>Conf\u00eda en la calidad y fiabilidad de nuestros secadores refrigerativos para mantener tus equipos y herramientas en \u00f3ptimas condiciones y minimizar el riesgo de aver\u00edas costosas.<\/p>\n","protected":false},"featured_media":1648,"comment_status":"open","ping_status":"closed","template":"","meta":[],"product_brand":[],"product_cat":[32],"product_tag":[],"class_list":{"0":"post-1647","1":"product","2":"type-product","3":"status-publish","4":"has-post-thumbnail","6":"product_cat-secadores-de-aire-refrigerativos","8":"first","9":"instock","10":"taxable","11":"shipping-taxable","12":"purchasable","13":"product-type-simple"},"_links":{"self":[{"href":"https:\/\/curtisdejalisco.com\/index.php\/wp-json\/wp\/v2\/product\/1647","targetHints":{"allow":["GET"]}}],"collection":[{"href":"https:\/\/curtisdejalisco.com\/index.php\/wp-json\/wp\/v2\/product"}],"about":[{"href":"https:\/\/curtisdejalisco.com\/index.php\/wp-json\/wp\/v2\/types\/product"}],"replies":[{"embeddable":true,"href":"https:\/\/curtisdejalisco.com\/index.php\/wp-json\/wp\/v2\/comments?post=1647"}],"version-history":[{"count":1,"href":"https:\/\/curtisdejalisco.com\/index.php\/wp-json\/wp\/v2\/product\/1647\/revisions"}],"predecessor-version":[{"id":1649,"href":"https:\/\/curtisdejalisco.com\/index.php\/wp-json\/wp\/v2\/product\/1647\/revisions\/1649"}],"wp:featuredmedia":[{"embeddable":true,"href":"https:\/\/curtisdejalisco.com\/index.php\/wp-json\/wp\/v2\/media\/1648"}],"wp:attachment":[{"href":"https:\/\/curtisdejalisco.com\/index.php\/wp-json\/wp\/v2\/media?parent=1647"}],"wp:term":[{"taxonomy":"product_brand","embeddable":true,"href":"https:\/\/curtisdejalisco.com\/index.php\/wp-json\/wp\/v2\/product_brand?post=1647"},{"taxonomy":"product_cat","embeddable":true,"href":"https:\/\/curtisdejalisco.com\/index.php\/wp-json\/wp\/v2\/product_cat?post=1647"},{"taxonomy":"product_tag","embeddable":true,"href":"https:\/\/curtisdejalisco.com\/index.php\/wp-json\/wp\/v2\/product_tag?post=1647"}],"curies":[{"name":"wp","href":"https:\/\/api.w.org\/{rel}","templated":true}]}}