{"id":1611,"date":"2024-03-20T02:54:56","date_gmt":"2024-03-20T02:54:56","guid":{"rendered":"https:\/\/curtisdejalisco.com\/?post_type=product&#038;p=1611"},"modified":"2025-12-22T22:56:15","modified_gmt":"2025-12-22T22:56:15","slug":"aceite-ultracoolant-8000h","status":"publish","type":"product","link":"https:\/\/curtisdejalisco.com\/index.php\/product\/aceite-ultracoolant-8000h\/","title":{"rendered":"Aceite ULTRACOOLANT 8000H"},"content":{"rendered":"<p>Producto 100% Sint\u00e9tico de formula mejorada, dise\u00f1ado para altas temperaturas ofreciendo<br \/>\nprotecci\u00f3n contra la degradaci\u00f3n t\u00e9rmica, as\u00ed como tambi\u00e9n un buen comportamiento para<br \/>\ntrabajos pesados. Es perfectamente adecuado para cubrir aplicaciones donde se requiere un<br \/>\naceite sint\u00e9tico contra la oxidaci\u00f3n, brindando un alto rendimiento y control de residuos.<\/p>\n<p>\u2022 Excelente comportamiento a temperaturas extremas.<br \/>\n\u2022 F\u00e1cil arranque del equipo, reduciendo con esto el desgaste. \u2022 Alta estabilidad t\u00e9rmica.<br \/>\n\u2022 Provee una excelente lubricidad.<br \/>\n\u2022 Alto Indice de Viscosidad.<br \/>\n\u2022 Baja volatilidad.<br \/>\nSe recomienda para compresores de aire de tornillo, donde las temperaturas<br \/>\nde operaci\u00f3n son altas, ya que estos aceites tienen alta resistencia a la<br \/>\noxidaci\u00f3n y baja volatilidad.<\/p>\n<p>HHIR-68-19<br \/>\nCubeta 19 Lts<\/p>\n","protected":false},"excerpt":{"rendered":"<p>Aceite sintetico ULTRACOOLANT Grado 68<\/p>\n","protected":false},"featured_media":1635,"comment_status":"open","ping_status":"closed","template":"","meta":[],"product_brand":[],"product_cat":[40],"product_tag":[],"class_list":{"0":"post-1611","1":"product","2":"type-product","3":"status-publish","4":"has-post-thumbnail","6":"product_cat-aceite-para-compresor","8":"first","9":"instock","10":"taxable","11":"shipping-taxable","12":"purchasable","13":"product-type-simple"},"_links":{"self":[{"href":"https:\/\/curtisdejalisco.com\/index.php\/wp-json\/wp\/v2\/product\/1611","targetHints":{"allow":["GET"]}}],"collection":[{"href":"https:\/\/curtisdejalisco.com\/index.php\/wp-json\/wp\/v2\/product"}],"about":[{"href":"https:\/\/curtisdejalisco.com\/index.php\/wp-json\/wp\/v2\/types\/product"}],"replies":[{"embeddable":true,"href":"https:\/\/curtisdejalisco.com\/index.php\/wp-json\/wp\/v2\/comments?post=1611"}],"version-history":[{"count":1,"href":"https:\/\/curtisdejalisco.com\/index.php\/wp-json\/wp\/v2\/product\/1611\/revisions"}],"predecessor-version":[{"id":1612,"href":"https:\/\/curtisdejalisco.com\/index.php\/wp-json\/wp\/v2\/product\/1611\/revisions\/1612"}],"wp:featuredmedia":[{"embeddable":true,"href":"https:\/\/curtisdejalisco.com\/index.php\/wp-json\/wp\/v2\/media\/1635"}],"wp:attachment":[{"href":"https:\/\/curtisdejalisco.com\/index.php\/wp-json\/wp\/v2\/media?parent=1611"}],"wp:term":[{"taxonomy":"product_brand","embeddable":true,"href":"https:\/\/curtisdejalisco.com\/index.php\/wp-json\/wp\/v2\/product_brand?post=1611"},{"taxonomy":"product_cat","embeddable":true,"href":"https:\/\/curtisdejalisco.com\/index.php\/wp-json\/wp\/v2\/product_cat?post=1611"},{"taxonomy":"product_tag","embeddable":true,"href":"https:\/\/curtisdejalisco.com\/index.php\/wp-json\/wp\/v2\/product_tag?post=1611"}],"curies":[{"name":"wp","href":"https:\/\/api.w.org\/{rel}","templated":true}]}}