{"id":1585,"date":"2024-03-05T21:15:44","date_gmt":"2024-03-05T21:15:44","guid":{"rendered":"https:\/\/curtisdejalisco.com\/?post_type=product&#038;p=1585"},"modified":"2025-10-15T21:28:26","modified_gmt":"2025-10-15T21:28:26","slug":"aceite-recipro-lub-500","status":"publish","type":"product","link":"https:\/\/curtisdejalisco.com\/index.php\/product\/aceite-recipro-lub-500\/","title":{"rendered":"Aceite Recipro-lub 500H"},"content":{"rendered":"<p>Los lubricantes MILWAUKEE est\u00e1n fabricados usando aceites altamente refinados y aditivos que proporcionan al producto final, gran conductividad y eficiencia.<\/p>\n<p>RECIPRO-LUB 500 Se recomiendan para su uso en: Compresores de Pist\u00f3n, lubricados por aceite y que trabajan bajo temperatura y presi\u00f3n extrema.<\/p>\n<p>Realizando el mantenimiento INDICADO podr\u00e1s obtener grandes beneficios como:<br \/>\n&#8211; Protecci\u00f3n contra el \u00f3xido y la corrosi\u00f3n.<br \/>\n&#8211; V\u00e1lvulas de Aire Limpias.<br \/>\n&#8211; Amplio rango de temperatura.<br \/>\n&#8211; Reducci\u00f3n del desgaste del arranque del compresor.<\/p>\n<p>ACEMW-PB<br \/>\n1 Litro.<\/p>\n","protected":false},"excerpt":{"rendered":"<p>Aceite Mineral para Compresor de pist\u00f3n<\/p>\n","protected":false},"featured_media":1637,"comment_status":"open","ping_status":"closed","template":"","meta":[],"product_brand":[],"product_cat":[40],"product_tag":[],"class_list":{"0":"post-1585","1":"product","2":"type-product","3":"status-publish","4":"has-post-thumbnail","6":"product_cat-aceite-para-compresor","8":"first","9":"instock","10":"taxable","11":"shipping-taxable","12":"purchasable","13":"product-type-simple"},"_links":{"self":[{"href":"https:\/\/curtisdejalisco.com\/index.php\/wp-json\/wp\/v2\/product\/1585","targetHints":{"allow":["GET"]}}],"collection":[{"href":"https:\/\/curtisdejalisco.com\/index.php\/wp-json\/wp\/v2\/product"}],"about":[{"href":"https:\/\/curtisdejalisco.com\/index.php\/wp-json\/wp\/v2\/types\/product"}],"replies":[{"embeddable":true,"href":"https:\/\/curtisdejalisco.com\/index.php\/wp-json\/wp\/v2\/comments?post=1585"}],"version-history":[{"count":7,"href":"https:\/\/curtisdejalisco.com\/index.php\/wp-json\/wp\/v2\/product\/1585\/revisions"}],"predecessor-version":[{"id":1596,"href":"https:\/\/curtisdejalisco.com\/index.php\/wp-json\/wp\/v2\/product\/1585\/revisions\/1596"}],"wp:featuredmedia":[{"embeddable":true,"href":"https:\/\/curtisdejalisco.com\/index.php\/wp-json\/wp\/v2\/media\/1637"}],"wp:attachment":[{"href":"https:\/\/curtisdejalisco.com\/index.php\/wp-json\/wp\/v2\/media?parent=1585"}],"wp:term":[{"taxonomy":"product_brand","embeddable":true,"href":"https:\/\/curtisdejalisco.com\/index.php\/wp-json\/wp\/v2\/product_brand?post=1585"},{"taxonomy":"product_cat","embeddable":true,"href":"https:\/\/curtisdejalisco.com\/index.php\/wp-json\/wp\/v2\/product_cat?post=1585"},{"taxonomy":"product_tag","embeddable":true,"href":"https:\/\/curtisdejalisco.com\/index.php\/wp-json\/wp\/v2\/product_tag?post=1585"}],"curies":[{"name":"wp","href":"https:\/\/api.w.org\/{rel}","templated":true}]}}