{"id":1582,"date":"2024-03-05T19:19:16","date_gmt":"2024-03-05T19:19:16","guid":{"rendered":"https:\/\/curtisdejalisco.com\/?post_type=product&#038;p=1582"},"modified":"2025-12-22T22:55:56","modified_gmt":"2025-12-22T22:55:56","slug":"aceite-sullube-8000h","status":"publish","type":"product","link":"https:\/\/curtisdejalisco.com\/index.php\/product\/aceite-sullube-8000h\/","title":{"rendered":"Aceite Sullube 8000H"},"content":{"rendered":"<p>SLLR-68 es un lubricante sint\u00e9tico mejorado de larga duraci\u00f3n que previene la formaci\u00f3n de componentes no deseados, evitando aver\u00edas en los componentes del compresor y manteniendo su funcionamiento en optimas condiciones.<\/p>\n<p>&#8211; Protege y limpia: Disuelve el barniz existente y la acumulaci\u00f3n de lodo, ayudando a mantener su compresor limpio y protegido.<br \/>\n&#8211; Controla las temperaturas del funcionamiento: SLLR-68 cuenta con una alta conductividad t\u00e9rmica que estabiliza la temperatura de funcionamiento bajo cualquier clima. Evitando riesgos de paro de operaciones, alargando la vida \u00fatil del equipo.<br \/>\n&#8211; Viscocidad \u00d3ptima: El \u00edndice de viscocidad de SLLR-68 le permite operar eficientemente mientras protege el extremo de aire de su compresor, incluso en temperaturas de hasta 90\u00b0C.<br \/>\n&#8211; Alto punto de inflamaci\u00f3n: SLLR-68 optimiza la seguridad en el compresor con uno de los puntos de inflamaci\u00f3n m\u00e1s elevados.<\/p>\n<p>SLLR68-19<br \/>\n19 Litros<\/p>\n","protected":false},"excerpt":{"rendered":"<p>Aceite sintetico Sullube Grado 68<\/p>\n","protected":false},"featured_media":1638,"comment_status":"open","ping_status":"closed","template":"","meta":[],"product_brand":[],"product_cat":[40],"product_tag":[],"class_list":{"0":"post-1582","1":"product","2":"type-product","3":"status-publish","4":"has-post-thumbnail","6":"product_cat-aceite-para-compresor","8":"first","9":"instock","10":"taxable","11":"shipping-taxable","12":"purchasable","13":"product-type-simple"},"_links":{"self":[{"href":"https:\/\/curtisdejalisco.com\/index.php\/wp-json\/wp\/v2\/product\/1582","targetHints":{"allow":["GET"]}}],"collection":[{"href":"https:\/\/curtisdejalisco.com\/index.php\/wp-json\/wp\/v2\/product"}],"about":[{"href":"https:\/\/curtisdejalisco.com\/index.php\/wp-json\/wp\/v2\/types\/product"}],"replies":[{"embeddable":true,"href":"https:\/\/curtisdejalisco.com\/index.php\/wp-json\/wp\/v2\/comments?post=1582"}],"version-history":[{"count":4,"href":"https:\/\/curtisdejalisco.com\/index.php\/wp-json\/wp\/v2\/product\/1582\/revisions"}],"predecessor-version":[{"id":1613,"href":"https:\/\/curtisdejalisco.com\/index.php\/wp-json\/wp\/v2\/product\/1582\/revisions\/1613"}],"wp:featuredmedia":[{"embeddable":true,"href":"https:\/\/curtisdejalisco.com\/index.php\/wp-json\/wp\/v2\/media\/1638"}],"wp:attachment":[{"href":"https:\/\/curtisdejalisco.com\/index.php\/wp-json\/wp\/v2\/media?parent=1582"}],"wp:term":[{"taxonomy":"product_brand","embeddable":true,"href":"https:\/\/curtisdejalisco.com\/index.php\/wp-json\/wp\/v2\/product_brand?post=1582"},{"taxonomy":"product_cat","embeddable":true,"href":"https:\/\/curtisdejalisco.com\/index.php\/wp-json\/wp\/v2\/product_cat?post=1582"},{"taxonomy":"product_tag","embeddable":true,"href":"https:\/\/curtisdejalisco.com\/index.php\/wp-json\/wp\/v2\/product_tag?post=1582"}],"curies":[{"name":"wp","href":"https:\/\/api.w.org\/{rel}","templated":true}]}}