{"id":10,"date":"2023-10-24T18:32:40","date_gmt":"2023-10-24T18:32:40","guid":{"rendered":"https:\/\/curtisdejalisco.com\/?page_id=10"},"modified":"2025-12-17T11:38:07","modified_gmt":"2025-12-17T11:38:07","slug":"nosotros","status":"publish","type":"page","link":"https:\/\/curtisdejalisco.com\/index.php\/nosotros\/","title":{"rendered":"Nosotros"},"content":{"rendered":"\t\t<div data-elementor-type=\"wp-page\" data-elementor-id=\"10\" class=\"elementor elementor-10\" data-elementor-post-type=\"page\">\n\t\t\t\t<div class=\"elementor-element elementor-element-f874241 e-con-full e-flex e-con e-parent\" data-id=\"f874241\" data-element_type=\"container\">\n\t\t\t\t<div class=\"elementor-element elementor-element-bd9910d elementor--h-position-left elementor--v-position-bottom elementor-arrows-position-inside elementor-pagination-position-inside elementor-widget elementor-widget-slides\" data-id=\"bd9910d\" data-element_type=\"widget\" data-settings=\"{&quot;navigation&quot;:&quot;both&quot;,&quot;autoplay&quot;:&quot;yes&quot;,&quot;pause_on_hover&quot;:&quot;yes&quot;,&quot;pause_on_interaction&quot;:&quot;yes&quot;,&quot;autoplay_speed&quot;:5000,&quot;infinite&quot;:&quot;yes&quot;,&quot;transition&quot;:&quot;slide&quot;,&quot;transition_speed&quot;:500}\" data-widget_type=\"slides.default\">\n\t\t\t\t<div class=\"elementor-widget-container\">\n\t\t\t\t\t\t\t\t\t<div class=\"elementor-swiper\">\n\t\t\t\t\t<div class=\"elementor-slides-wrapper elementor-main-swiper swiper\" role=\"region\" aria-roledescription=\"carousel\" aria-label=\"Slides\" dir=\"ltr\" data-animation=\"fadeInUp\">\n\t\t\t\t<div class=\"swiper-wrapper elementor-slides\">\n\t\t\t\t\t\t\t\t\t\t<div class=\"elementor-repeater-item-3a4738c swiper-slide\" role=\"group\" aria-roledescription=\"slide\"><div class=\"swiper-slide-bg elementor-ken-burns elementor-ken-burns--in\" role=\"img\" aria-label=\"DSC06586\"><\/div><div class=\"elementor-background-overlay\"><\/div><div class=\"swiper-slide-inner\" ><div class=\"swiper-slide-contents\"><div class=\"elementor-slide-heading\">L\u00edder en Compresores Industriales de Calidad<\/div><div class=\"elementor-slide-description\">En Curtis, nos enorgullece liderar la industria al ofrecer Compresores industriales, refacciones confiables y Aceites eficientes para una variedad de sectores profesionales y empresariales.<\/div><\/div><\/div><\/div>\t\t\t\t<\/div>\n\t\t\t\t\t\t\t<\/div>\n\t\t\t\t<\/div>\n\t\t\t\t\t\t\t\t<\/div>\n\t\t\t\t<\/div>\n\t\t\t\t<\/div>\n\t\t<div class=\"elementor-element elementor-element-9459704 e-con-full e-flex e-con e-parent\" data-id=\"9459704\" data-element_type=\"container\">\n\t\t\t\t<div class=\"elementor-element elementor-element-6dbefd9 elementor-widget elementor-widget-spacer\" data-id=\"6dbefd9\" data-element_type=\"widget\" data-widget_type=\"spacer.default\">\n\t\t\t\t<div class=\"elementor-widget-container\">\n\t\t\t\t\t\t\t<div class=\"elementor-spacer\">\n\t\t\t<div class=\"elementor-spacer-inner\"><\/div>\n\t\t<\/div>\n\t\t\t\t\t\t<\/div>\n\t\t\t\t<\/div>\n\t\t\t\t<\/div>\n\t\t<div class=\"elementor-element elementor-element-6a2a447d e-con-full e-flex e-con e-parent\" data-id=\"6a2a447d\" data-element_type=\"container\" data-settings=\"{&quot;background_background&quot;:&quot;classic&quot;}\">\n\t\t<div class=\"elementor-element elementor-element-ee48b25 e-flex e-con-boxed e-con e-child\" data-id=\"ee48b25\" data-element_type=\"container\">\n\t\t\t\t\t<div class=\"e-con-inner\">\n\t\t<div class=\"elementor-element elementor-element-203c298 e-con-full e-flex e-con e-child\" data-id=\"203c298\" data-element_type=\"container\">\n\t\t\t\t<div class=\"elementor-element elementor-element-57bcd5ec e-transform elementor-invisible elementor-widget elementor-widget-heading\" data-id=\"57bcd5ec\" data-element_type=\"widget\" data-settings=\"{&quot;_animation&quot;:&quot;fadeInLeft&quot;,&quot;_transform_scale_effect_hover&quot;:{&quot;unit&quot;:&quot;px&quot;,&quot;size&quot;:1.1,&quot;sizes&quot;:[]},&quot;_transform_scale_effect_hover_tablet&quot;:{&quot;unit&quot;:&quot;px&quot;,&quot;size&quot;:&quot;&quot;,&quot;sizes&quot;:[]},&quot;_transform_scale_effect_hover_mobile&quot;:{&quot;unit&quot;:&quot;px&quot;,&quot;size&quot;:&quot;&quot;,&quot;sizes&quot;:[]}}\" data-widget_type=\"heading.default\">\n\t\t\t\t<div class=\"elementor-widget-container\">\n\t\t\t\t\t<h2 class=\"elementor-heading-title elementor-size-default\">Nosotros<\/h2>\t\t\t\t<\/div>\n\t\t\t\t<\/div>\n\t\t\t\t<div class=\"elementor-element elementor-element-4f445f4d elementor-widget elementor-widget-text-editor\" data-id=\"4f445f4d\" data-element_type=\"widget\" data-widget_type=\"text-editor.default\">\n\t\t\t\t<div class=\"elementor-widget-container\">\n\t\t\t\t\t\t\t\t\t<p><span style=\"font-weight: 400;\">En Curtis, nuestra pasi\u00f3n es proporcionar solucione industriales de la m\u00e1s alta calidad a una amplia gama de sectores profesionales y empresariales. Con a\u00f1os de experiencia y un compromiso inquebrantable con la buen servicio.<\/span><\/p>\t\t\t\t\t\t\t\t<\/div>\n\t\t\t\t<\/div>\n\t\t\t\t<\/div>\n\t\t\t\t<div class=\"elementor-element elementor-element-37ee7574 elementor-widget__width-initial elementor-widget-mobile__width-inherit elementor-invisible elementor-widget elementor-widget-image\" data-id=\"37ee7574\" data-element_type=\"widget\" data-settings=\"{&quot;_animation&quot;:&quot;fadeInRight&quot;}\" data-widget_type=\"image.default\">\n\t\t\t\t<div class=\"elementor-widget-container\">\n\t\t\t\t\t\t\t\t\t\t\t\t\t\t\t<img fetchpriority=\"high\" decoding=\"async\" width=\"800\" height=\"800\" src=\"https:\/\/curtisdejalisco.com\/wp-content\/uploads\/2024\/01\/IMG_0175-1024x1024.jpg\" class=\"attachment-large size-large wp-image-1265\" alt=\"\" srcset=\"https:\/\/curtisdejalisco.com\/wp-content\/uploads\/2024\/01\/IMG_0175-1024x1024.jpg 1024w, https:\/\/curtisdejalisco.com\/wp-content\/uploads\/2024\/01\/IMG_0175-300x300.jpg 300w, https:\/\/curtisdejalisco.com\/wp-content\/uploads\/2024\/01\/IMG_0175-150x150.jpg 150w, https:\/\/curtisdejalisco.com\/wp-content\/uploads\/2024\/01\/IMG_0175-768x768.jpg 768w, https:\/\/curtisdejalisco.com\/wp-content\/uploads\/2024\/01\/IMG_0175-1536x1536.jpg 1536w, https:\/\/curtisdejalisco.com\/wp-content\/uploads\/2024\/01\/IMG_0175-600x600.jpg 600w, https:\/\/curtisdejalisco.com\/wp-content\/uploads\/2024\/01\/IMG_0175-100x100.jpg 100w, https:\/\/curtisdejalisco.com\/wp-content\/uploads\/2024\/01\/IMG_0175.jpg 2048w\" sizes=\"(max-width: 800px) 100vw, 800px\" \/>\t\t\t\t\t\t\t\t\t\t\t\t\t\t\t<\/div>\n\t\t\t\t<\/div>\n\t\t\t\t\t<\/div>\n\t\t\t\t<\/div>\n\t\t<div class=\"elementor-element elementor-element-562cf8ef e-flex e-con-boxed e-con e-child\" data-id=\"562cf8ef\" data-element_type=\"container\" data-settings=\"{&quot;background_background&quot;:&quot;classic&quot;}\">\n\t\t\t\t\t<div class=\"e-con-inner\">\n\t\t<div class=\"elementor-element elementor-element-8c43e8f e-con-full e-flex e-con e-child\" data-id=\"8c43e8f\" data-element_type=\"container\">\n\t\t\t\t<div class=\"elementor-element elementor-element-aee7e54 animated-slow elementor-widget-divider--view-line elementor-invisible elementor-widget elementor-widget-divider\" data-id=\"aee7e54\" data-element_type=\"widget\" data-settings=\"{&quot;_animation&quot;:&quot;fadeIn&quot;,&quot;_animation_delay&quot;:&quot;200&quot;}\" data-widget_type=\"divider.default\">\n\t\t\t\t<div class=\"elementor-widget-container\">\n\t\t\t\t\t\t\t<div class=\"elementor-divider\">\n\t\t\t<span class=\"elementor-divider-separator\">\n\t\t\t\t\t\t<\/span>\n\t\t<\/div>\n\t\t\t\t\t\t<\/div>\n\t\t\t\t<\/div>\n\t\t\t\t<div class=\"elementor-element elementor-element-2dee2e5f elementor-invisible elementor-widget elementor-widget-icon-box\" data-id=\"2dee2e5f\" data-element_type=\"widget\" data-settings=\"{&quot;_animation&quot;:&quot;fadeInUp&quot;}\" data-widget_type=\"icon-box.default\">\n\t\t\t\t<div class=\"elementor-widget-container\">\n\t\t\t\t\t\t\t<div class=\"elementor-icon-box-wrapper\">\n\n\t\t\t\n\t\t\t\t\t\t<div class=\"elementor-icon-box-content\">\n\n\t\t\t\t\t\t\t\t\t<h3 class=\"elementor-icon-box-title\">\n\t\t\t\t\t\t<span  >\n\t\t\t\t\t\t\tNuestra Misi\u00f3n\t\t\t\t\t\t<\/span>\n\t\t\t\t\t<\/h3>\n\t\t\t\t\n\t\t\t\t\t\t\t\t\t<p class=\"elementor-icon-box-description\">\n\t\t\t\t\t\tImpulsar el \u00e9xito de nuestros clientes al ofrecer productos y servicios excepcionales que satisfagan sus necesidades espec\u00edficas. Entendemos que cada industria y negocio es \u00fanico, y trabajamos incansablemente para brindar soluciones personalizadas que optimicen la eficiencia, la productividad y la rentabilidad.\n\t\t\t\t\t<\/p>\n\t\t\t\t\n\t\t\t<\/div>\n\t\t\t\n\t\t<\/div>\n\t\t\t\t\t\t<\/div>\n\t\t\t\t<\/div>\n\t\t\t\t<\/div>\n\t\t<div class=\"elementor-element elementor-element-43623bae e-con-full e-flex e-con e-child\" data-id=\"43623bae\" data-element_type=\"container\">\n\t\t\t\t<div class=\"elementor-element elementor-element-7e1af9e7 animated-slow elementor-widget-divider--view-line elementor-invisible elementor-widget elementor-widget-divider\" data-id=\"7e1af9e7\" data-element_type=\"widget\" data-settings=\"{&quot;_animation&quot;:&quot;fadeIn&quot;,&quot;_animation_delay&quot;:&quot;200&quot;}\" data-widget_type=\"divider.default\">\n\t\t\t\t<div class=\"elementor-widget-container\">\n\t\t\t\t\t\t\t<div class=\"elementor-divider\">\n\t\t\t<span class=\"elementor-divider-separator\">\n\t\t\t\t\t\t<\/span>\n\t\t<\/div>\n\t\t\t\t\t\t<\/div>\n\t\t\t\t<\/div>\n\t\t\t\t<div class=\"elementor-element elementor-element-2d1a8eb6 elementor-invisible elementor-widget elementor-widget-icon-box\" data-id=\"2d1a8eb6\" data-element_type=\"widget\" data-settings=\"{&quot;_animation&quot;:&quot;fadeInUp&quot;}\" data-widget_type=\"icon-box.default\">\n\t\t\t\t<div class=\"elementor-widget-container\">\n\t\t\t\t\t\t\t<div class=\"elementor-icon-box-wrapper\">\n\n\t\t\t\n\t\t\t\t\t\t<div class=\"elementor-icon-box-content\">\n\n\t\t\t\t\t\t\t\t\t<h3 class=\"elementor-icon-box-title\">\n\t\t\t\t\t\t<span  >\n\t\t\t\t\t\t\tNuestros Clientes\t\t\t\t\t\t<\/span>\n\t\t\t\t\t<\/h3>\n\t\t\t\t\n\t\t\t\t\t\t\t\t\t<p class=\"elementor-icon-box-description\">\n\t\t\t\t\t\tServimos a una amplia variedad de sectores, desde carpinter\u00edas y talleres de mec\u00e1nica hasta hospitales y empresas Industriales. Nuestros clientes conf\u00edan en nosotros para proporcionar soluciones que les ayuden a tener \u00e9xito en sus operaciones diarias.\n\t\t\t\t\t<\/p>\n\t\t\t\t\n\t\t\t<\/div>\n\t\t\t\n\t\t<\/div>\n\t\t\t\t\t\t<\/div>\n\t\t\t\t<\/div>\n\t\t\t\t<\/div>\n\t\t\t\t\t<\/div>\n\t\t\t\t<\/div>\n\t\t\t\t<\/div>\n\t\t<div class=\"elementor-element elementor-element-c17352a e-flex e-con-boxed e-con e-parent\" data-id=\"c17352a\" data-element_type=\"container\">\n\t\t\t\t\t<div class=\"e-con-inner\">\n\t\t<div class=\"elementor-element elementor-element-b11054a e-con-full e-flex e-con e-child\" data-id=\"b11054a\" data-element_type=\"container\">\n\t\t\t\t<div class=\"elementor-element elementor-element-bddb8a3 elementor-position-top elementor-widget elementor-widget-image-box\" data-id=\"bddb8a3\" data-element_type=\"widget\" data-widget_type=\"image-box.default\">\n\t\t\t\t<div class=\"elementor-widget-container\">\n\t\t\t\t\t<div class=\"elementor-image-box-wrapper\"><figure class=\"elementor-image-box-img\"><img decoding=\"async\" width=\"512\" height=\"512\" src=\"https:\/\/curtisdejalisco.com\/wp-content\/uploads\/2023\/10\/experiencia.png\" class=\"elementor-animation-grow attachment-full size-full wp-image-332\" alt=\"\" srcset=\"https:\/\/curtisdejalisco.com\/wp-content\/uploads\/2023\/10\/experiencia.png 512w, https:\/\/curtisdejalisco.com\/wp-content\/uploads\/2023\/10\/experiencia-300x300.png 300w, https:\/\/curtisdejalisco.com\/wp-content\/uploads\/2023\/10\/experiencia-100x100.png 100w, https:\/\/curtisdejalisco.com\/wp-content\/uploads\/2023\/10\/experiencia-150x150.png 150w\" sizes=\"(max-width: 512px) 100vw, 512px\" \/><\/figure><div class=\"elementor-image-box-content\"><h3 class=\"elementor-image-box-title\">Experiencia y Conocimiento<\/h3><p class=\"elementor-image-box-description\">Contamos con un equipo de expertos con amplios conocimientos en la industria y una profunda comprensi\u00f3n de los desaf\u00edos a los que se enfrentan nuestros clientes<\/p><\/div><\/div>\t\t\t\t<\/div>\n\t\t\t\t<\/div>\n\t\t\t\t<\/div>\n\t\t<div class=\"elementor-element elementor-element-4f37107 e-con-full e-flex e-con e-child\" data-id=\"4f37107\" data-element_type=\"container\">\n\t\t\t\t<div class=\"elementor-element elementor-element-1ee2abb elementor-position-top elementor-widget elementor-widget-image-box\" data-id=\"1ee2abb\" data-element_type=\"widget\" data-widget_type=\"image-box.default\">\n\t\t\t\t<div class=\"elementor-widget-container\">\n\t\t\t\t\t<div class=\"elementor-image-box-wrapper\"><figure class=\"elementor-image-box-img\"><img decoding=\"async\" width=\"512\" height=\"512\" src=\"https:\/\/curtisdejalisco.com\/wp-content\/uploads\/2023\/10\/servicio-de-calidad.png\" class=\"elementor-animation-grow attachment-full size-full wp-image-345\" alt=\"\" srcset=\"https:\/\/curtisdejalisco.com\/wp-content\/uploads\/2023\/10\/servicio-de-calidad.png 512w, https:\/\/curtisdejalisco.com\/wp-content\/uploads\/2023\/10\/servicio-de-calidad-300x300.png 300w, https:\/\/curtisdejalisco.com\/wp-content\/uploads\/2023\/10\/servicio-de-calidad-100x100.png 100w, https:\/\/curtisdejalisco.com\/wp-content\/uploads\/2023\/10\/servicio-de-calidad-150x150.png 150w\" sizes=\"(max-width: 512px) 100vw, 512px\" \/><\/figure><div class=\"elementor-image-box-content\"><h3 class=\"elementor-image-box-title\">Productos de Calidad<\/h3><p class=\"elementor-image-box-description\">Ofrecemos una amplia gama de compresores Industriales de las marcas m\u00e1s reconocidas y respetadas, respaldados por nuestra garant\u00eda de calidad.<\/p><\/div><\/div>\t\t\t\t<\/div>\n\t\t\t\t<\/div>\n\t\t\t\t<\/div>\n\t\t<div class=\"elementor-element elementor-element-cab97e6 e-con-full e-flex e-con e-child\" data-id=\"cab97e6\" data-element_type=\"container\">\n\t\t\t\t<div class=\"elementor-element elementor-element-e51b742 elementor-position-top elementor-widget elementor-widget-image-box\" data-id=\"e51b742\" data-element_type=\"widget\" data-widget_type=\"image-box.default\">\n\t\t\t\t<div class=\"elementor-widget-container\">\n\t\t\t\t\t<div class=\"elementor-image-box-wrapper\"><figure class=\"elementor-image-box-img\"><img loading=\"lazy\" decoding=\"async\" width=\"512\" height=\"512\" src=\"https:\/\/curtisdejalisco.com\/wp-content\/uploads\/2023\/10\/objetivo-1.png\" class=\"elementor-animation-grow attachment-full size-full wp-image-340\" alt=\"\" srcset=\"https:\/\/curtisdejalisco.com\/wp-content\/uploads\/2023\/10\/objetivo-1.png 512w, https:\/\/curtisdejalisco.com\/wp-content\/uploads\/2023\/10\/objetivo-1-300x300.png 300w, https:\/\/curtisdejalisco.com\/wp-content\/uploads\/2023\/10\/objetivo-1-100x100.png 100w, https:\/\/curtisdejalisco.com\/wp-content\/uploads\/2023\/10\/objetivo-1-150x150.png 150w\" sizes=\"(max-width: 512px) 100vw, 512px\" \/><\/figure><div class=\"elementor-image-box-content\"><h3 class=\"elementor-image-box-title\">Servicio al Cliente Excepcional<\/h3><p class=\"elementor-image-box-description\">Nuestro compromiso con la satisfacci\u00f3n del cliente es inquebrantable. Estamos aqu\u00ed para brindar asesoramiento, soporte y servicio postventa cuando m\u00e1s lo necesita<\/p><\/div><\/div>\t\t\t\t<\/div>\n\t\t\t\t<\/div>\n\t\t\t\t<\/div>\n\t\t<div class=\"elementor-element elementor-element-b92e107 e-con-full e-flex e-con e-child\" data-id=\"b92e107\" data-element_type=\"container\">\n\t\t\t\t<div class=\"elementor-element elementor-element-a944930 elementor-position-top elementor-widget elementor-widget-image-box\" data-id=\"a944930\" data-element_type=\"widget\" data-widget_type=\"image-box.default\">\n\t\t\t\t<div class=\"elementor-widget-container\">\n\t\t\t\t\t<div class=\"elementor-image-box-wrapper\"><figure class=\"elementor-image-box-img\"><img loading=\"lazy\" decoding=\"async\" width=\"512\" height=\"512\" src=\"https:\/\/curtisdejalisco.com\/wp-content\/uploads\/2023\/10\/solucion.png\" class=\"elementor-animation-grow attachment-full size-full wp-image-341\" alt=\"\" srcset=\"https:\/\/curtisdejalisco.com\/wp-content\/uploads\/2023\/10\/solucion.png 512w, https:\/\/curtisdejalisco.com\/wp-content\/uploads\/2023\/10\/solucion-300x300.png 300w, https:\/\/curtisdejalisco.com\/wp-content\/uploads\/2023\/10\/solucion-100x100.png 100w, https:\/\/curtisdejalisco.com\/wp-content\/uploads\/2023\/10\/solucion-150x150.png 150w\" sizes=\"(max-width: 512px) 100vw, 512px\" \/><\/figure><div class=\"elementor-image-box-content\"><h3 class=\"elementor-image-box-title\">Soluciones Personalizadas<\/h3><p class=\"elementor-image-box-description\">Entendemos que cada cliente tiene necesidades \u00fanicas. Trabajamos estrechamente contigo para proporcionar soluciones personalizadas que se adapten a tus objetivos y presupuesto.<\/p><\/div><\/div>\t\t\t\t<\/div>\n\t\t\t\t<\/div>\n\t\t\t\t<\/div>\n\t\t\t\t\t<\/div>\n\t\t\t\t<\/div>\n\t\t<div class=\"elementor-element elementor-element-8ec0039 e-con-full e-flex e-con e-parent\" data-id=\"8ec0039\" data-element_type=\"container\">\n\t\t\t\t<div class=\"elementor-element elementor-element-56a17d1 elementor-widget elementor-widget-spacer\" data-id=\"56a17d1\" data-element_type=\"widget\" data-widget_type=\"spacer.default\">\n\t\t\t\t<div class=\"elementor-widget-container\">\n\t\t\t\t\t\t\t<div class=\"elementor-spacer\">\n\t\t\t<div class=\"elementor-spacer-inner\"><\/div>\n\t\t<\/div>\n\t\t\t\t\t\t<\/div>\n\t\t\t\t<\/div>\n\t\t\t\t<\/div>\n\t\t<div class=\"elementor-element elementor-element-a545d7f e-flex e-con-boxed e-con e-parent\" data-id=\"a545d7f\" data-element_type=\"container\">\n\t\t\t\t\t<div class=\"e-con-inner\">\n\t\t\t\t<div class=\"elementor-element elementor-element-b7e9a42 elementor-widget elementor-widget-text-editor\" data-id=\"b7e9a42\" data-element_type=\"widget\" data-widget_type=\"text-editor.default\">\n\t\t\t\t<div class=\"elementor-widget-container\">\n\t\t\t\t\t\t\t\t\t<p><span style=\"font-weight: 400;\"><strong>En Curtis, estamos comprometidos a superar tus expectativas y ser tu socio de confianza en compresores industriales. Siempre estamos dispuestos a escuchar tus necesidades y brindarte soluciones que te impulsen hacia el \u00e9xito.<\/strong><\/span><\/p>\n<p>\u00a1Te damos la bienvenida a descubrir c\u00f3mo podemos ayudarte a alcanzar tus objetivos industriales!<\/p>\t\t\t\t\t\t\t\t<\/div>\n\t\t\t\t<\/div>\n\t\t\t\t\t<\/div>\n\t\t\t\t<\/div>\n\t\t<div class=\"elementor-element elementor-element-31b2069 e-flex e-con-boxed e-con e-parent\" data-id=\"31b2069\" data-element_type=\"container\">\n\t\t\t\t\t<div class=\"e-con-inner\">\n\t\t\t\t<div class=\"elementor-element elementor-element-ac38ae5 elementor-widget elementor-widget-spacer\" data-id=\"ac38ae5\" data-element_type=\"widget\" data-widget_type=\"spacer.default\">\n\t\t\t\t<div class=\"elementor-widget-container\">\n\t\t\t\t\t\t\t<div class=\"elementor-spacer\">\n\t\t\t<div class=\"elementor-spacer-inner\"><\/div>\n\t\t<\/div>\n\t\t\t\t\t\t<\/div>\n\t\t\t\t<\/div>\n\t\t\t\t\t<\/div>\n\t\t\t\t<\/div>\n\t\t\t\t<\/div>\n\t\t","protected":false},"excerpt":{"rendered":"<p>L\u00edder en Compresores Industriales de CalidadEn Curtis, nos enorgullece liderar la industria al ofrecer Compresores industriales, refacciones confiables y Aceites eficientes para una variedad de sectores profesionales y empresariales. Nosotros En Curtis, nuestra pasi\u00f3n es proporcionar solucione industriales de la m\u00e1s alta calidad a una amplia gama de sectores profesionales y empresariales. Con a\u00f1os de [&hellip;]<\/p>\n","protected":false},"author":1,"featured_media":0,"parent":0,"menu_order":0,"comment_status":"closed","ping_status":"closed","template":"","meta":{"footnotes":""},"class_list":["post-10","page","type-page","status-publish","hentry"],"_links":{"self":[{"href":"https:\/\/curtisdejalisco.com\/index.php\/wp-json\/wp\/v2\/pages\/10","targetHints":{"allow":["GET"]}}],"collection":[{"href":"https:\/\/curtisdejalisco.com\/index.php\/wp-json\/wp\/v2\/pages"}],"about":[{"href":"https:\/\/curtisdejalisco.com\/index.php\/wp-json\/wp\/v2\/types\/page"}],"author":[{"embeddable":true,"href":"https:\/\/curtisdejalisco.com\/index.php\/wp-json\/wp\/v2\/users\/1"}],"replies":[{"embeddable":true,"href":"https:\/\/curtisdejalisco.com\/index.php\/wp-json\/wp\/v2\/comments?post=10"}],"version-history":[{"count":110,"href":"https:\/\/curtisdejalisco.com\/index.php\/wp-json\/wp\/v2\/pages\/10\/revisions"}],"predecessor-version":[{"id":2989,"href":"https:\/\/curtisdejalisco.com\/index.php\/wp-json\/wp\/v2\/pages\/10\/revisions\/2989"}],"wp:attachment":[{"href":"https:\/\/curtisdejalisco.com\/index.php\/wp-json\/wp\/v2\/media?parent=10"}],"curies":[{"name":"wp","href":"https:\/\/api.w.org\/{rel}","templated":true}]}}